
{"id":1752,"date":"2020-12-24T10:31:23","date_gmt":"2020-12-24T10:31:23","guid":{"rendered":"https:\/\/betatechcenter.com\/privacy-policy\/"},"modified":"2026-02-23T17:17:16","modified_gmt":"2026-02-23T17:17:16","slug":"nota-legal","status":"publish","type":"page","link":"https:\/\/betatechcenter.com\/es\/nota-legal\/","title":{"rendered":"Nota legal"},"content":{"rendered":"\n<p>El sitio web y el dominio uvic.cat corresponden a la Fundaci\u00f3n Universitaria Balmes, titular de la Universidad de Vic &#8211; Universidad Central de Catalu\u00f1a (UVic-UCC), con CIF G58020124 y domicilio en Calle Perot Rocaguinarda, 17 de Vic (CP 08500) , tel\u00e9fono 938861222 y direcci\u00f3n electr\u00f3nica <a href=\"mailto:universitatdevic@uvic.cat\">universitatdevic@uvic.cat<\/a>. Figura inscrita en el Registro de Fundaciones de la Generalitat de Catalu\u00f1a con el n\u00famero 150.<\/p>\n\n\n\n<p>La informaci\u00f3n facilitada por medio de este sitio web no sustituye la que figura en la sede electr\u00f3nica de la Fundaci\u00f3n o en los canales y plataformas de la sede electr\u00f3nica adoptados por la Fundaci\u00f3n, \u00fanica que tiene plena validez legal.<\/p>\n\n\n\n<p>La Fundaci\u00f3n no se hace responsable del contenido, exactitud y actualizaci\u00f3n de la informaci\u00f3n que proviene de otras personas que figure en el sitio web o en la que se haga remisi\u00f3n mediante enlaces u otros sistemas.<\/p>\n\n\n\n<p>El sitio web y sus contenidos, incluyendo los textos, im\u00e1genes, gr\u00e1ficos, bases de datos y cualquier otro material, se ponen a disposici\u00f3n p\u00fablica con fines de informaci\u00f3n y para ofrecer servicios en el marco de las competencias y funciones propias de la Fundaci\u00f3n . Existen derechos de propiedad intelectual sobre algunos de estos contenidos que corresponden o bien a la Fundaci\u00f3n o a terceras personas que han autorizado la utilizaci\u00f3n por este medio.<\/p>\n\n\n\n<p>De forma general, y salvo que se indique lo contrario de forma expresa para casos singulares, se puede llevar a cabo la reproducci\u00f3n, distribuci\u00f3n y comunicaci\u00f3n p\u00fablica de los contenidos de este sitio web siempre que quede constancia de la procedencia. Sin embargo, no se podr\u00e1n utilizar los contenidos para usos comerciales, ni hacer obras derivadas, sin autorizaci\u00f3n expresa de la Fundaci\u00f3n.<\/p>\n\n\n\n<p>Estas condiciones rigen para los contenidos del sitio web protegidos por derechos de autor y se resumen con la licencia Reconocimiento &#8211; No Comercial &#8211; Compartir Igual 4.0 (<a href=\"https:\/\/creativecommons.org\/licenses\/by-nc-sa\/4.0\/deed.ca\">CC BY-NC-SA 4.0<\/a>) de <a href=\"https:\/\/creativecommons.org\/\">Creative Commons<\/a>.<\/p>\n\n\n\n<p>El escudo oficial de la Fundaci\u00f3n y los otros dise\u00f1os y logotipos que la identifican s\u00f3lo pueden ser reproducidos y utilizados con autorizaci\u00f3n previa de la Fundaci\u00f3n, o bien cuando se trate de identificar actividades o iniciativas que cuentan con el apoyo expl\u00edcito de la Fundaci\u00f3n. La Fundaci\u00f3n autoriza tambi\u00e9n usos no lucrativos con fines educativos, de investigaci\u00f3n, estudio o difusi\u00f3n cultural.<\/p>\n\n\n\n<p>La Fundaci\u00f3n informa que este sitio web utiliza galletas (cookies) que permiten hacer m\u00e1s c\u00f3moda y r\u00e1pida la comunicaci\u00f3n que se establece entre el usuario y el sitio web. La vigencia de estas galletas se limita a la necesaria para conseguir estos objetivos. El usuario tiene la posibilidad de configurar su navegador de Internet para obtener un mejor conocimiento y control de las galletas. Usted ha sido informado previamente de su instalaci\u00f3n. Encontrar\u00e1 m\u00e1s informaci\u00f3n sobre la Pol\u00edtica de Cookies <a href=\"https:\/\/www.uvic.cat\/avis-legal-i-proteccio-de-dades\">en este enlace.<\/a><\/p>\n\n\n\n<p>La Fundaci\u00f3n no se hace responsable ante los usuarios de su sitio web de los posibles da\u00f1os o perjuicios que se puedan derivar de interferencias, omisiones, interrupciones, virus inform\u00e1ticos, sobrecarga de las l\u00edneas, aver\u00edas o desconexiones cuando est\u00e9n motivadas por causas que le son ajenas . Tampoco se hace de los da\u00f1os que puedan ser causados \u200b\u200bpor terceras personas mediante intromisiones ileg\u00edtimas fuera del control de la Fundaci\u00f3n. Siempre que sea posible advertir\u00e1 previamente de las interrupciones en el funcionamiento de la web y de los servicios.<\/p>\n\n\n\n<p class=\"has-medium-font-size\"><strong>Plan de Igualdad del Centro Tecnol\u00f3gico BETA<\/strong><\/p>\n\n\n\n<p>El Centro Tecnol\u00f3gico BETA de la UVic-UCC est\u00e1 adherido al IV Plan de Igualdad de la Fundaci\u00f3n Universitaria Balmes (2026\u20132029), aprobado en diciembre de 2025, que constituye el marco institucional para garantizar la igualdad efectiva entre mujeres y hombres, la no discriminaci\u00f3n y el respeto a la diversidad en todos los \u00e1mbitos de actividad. Este Plan establece objetivos y medidas concretas en \u00e1mbitos como la cultura institucional, la actividad acad\u00e9mica y de investigaci\u00f3n, la prevenci\u00f3n de violencias, la promoci\u00f3n profesional, la conciliaci\u00f3n y el seguimiento y evaluaci\u00f3n de las pol\u00edticas de igualdad. Puede consultar el <strong><a href=\"https:\/\/betatechcenter.com\/wp-content\/uploads\/2026\/02\/docins_a2025_pla_igualtat.pdf\">documento completo del Plan de Igualdad<\/a><\/strong>.<\/p>\n","protected":false},"excerpt":{"rendered":"<p>El sitio web y el dominio uvic.cat corresponden a la Fundaci\u00f3n Universitaria Balmes, titular de la Universidad de Vic &#8211; Universidad Central de Catalu\u00f1a (UVic-UCC), con CIF G58020124 y domicilio en Calle Perot Rocaguinarda, 17 de Vic (CP 08500) , tel\u00e9fono 938861222 y direcci\u00f3n electr\u00f3nica universitatdevic@uvic.cat. Figura inscrita en el Registro de Fundaciones de la [&hellip;]<\/p>\n","protected":false},"author":3,"featured_media":0,"parent":0,"menu_order":0,"comment_status":"closed","ping_status":"closed","template":"","meta":{"_acf_changed":false,"footnotes":""},"class_list":["post-1752","page","type-page","status-publish","hentry"],"acf":[],"yoast_head":"<!-- This site is optimized with the Yoast SEO plugin v27.3 - https:\/\/yoast.com\/product\/yoast-seo-wordpress\/ -->\n<title>Beta Tech Center &#8212; Nota legal<\/title>\n<meta name=\"robots\" content=\"index, follow, max-snippet:-1, max-image-preview:large, max-video-preview:-1\" \/>\n<link rel=\"canonical\" href=\"https:\/\/betatechcenter.com\/es\/nota-legal\/\" \/>\n<meta property=\"og:locale\" content=\"es_ES\" \/>\n<meta property=\"og:type\" content=\"article\" \/>\n<meta property=\"og:title\" content=\"Beta Tech Center &#8212; Nota legal\" \/>\n<meta property=\"og:description\" content=\"El sitio web y el dominio uvic.cat corresponden a la Fundaci\u00f3n Universitaria Balmes, titular de la Universidad de Vic &#8211; Universidad Central de Catalu\u00f1a (UVic-UCC), con CIF G58020124 y domicilio en Calle Perot Rocaguinarda, 17 de Vic (CP 08500) , tel\u00e9fono 938861222 y direcci\u00f3n electr\u00f3nica universitatdevic@uvic.cat. Figura inscrita en el Registro de Fundaciones de la [&hellip;]\" \/>\n<meta property=\"og:url\" content=\"https:\/\/betatechcenter.com\/es\/nota-legal\/\" \/>\n<meta property=\"og:site_name\" content=\"Beta Tech Center\" \/>\n<meta property=\"article:modified_time\" content=\"2026-02-23T17:17:16+00:00\" \/>\n<meta property=\"og:image\" content=\"https:\/\/betatechcenter.com\/wp-content\/uploads\/2021\/04\/AS3I0112-2000x1333-1.jpeg\" \/>\n\t<meta property=\"og:image:width\" content=\"2000\" \/>\n\t<meta property=\"og:image:height\" content=\"1333\" \/>\n\t<meta property=\"og:image:type\" content=\"image\/jpeg\" \/>\n<meta name=\"twitter:card\" content=\"summary_large_image\" \/>\n<meta name=\"twitter:label1\" content=\"Tiempo de lectura\" \/>\n\t<meta name=\"twitter:data1\" content=\"3 minutos\" \/>\n<script type=\"application\/ld+json\" class=\"yoast-schema-graph\">{\"@context\":\"https:\\\/\\\/schema.org\",\"@graph\":[{\"@type\":\"WebPage\",\"@id\":\"https:\\\/\\\/betatechcenter.com\\\/es\\\/nota-legal\\\/\",\"url\":\"https:\\\/\\\/betatechcenter.com\\\/es\\\/nota-legal\\\/\",\"name\":\"Beta Tech Center &#8212; Nota legal\",\"isPartOf\":{\"@id\":\"https:\\\/\\\/betatechcenter.com\\\/#website\"},\"datePublished\":\"2020-12-24T10:31:23+00:00\",\"dateModified\":\"2026-02-23T17:17:16+00:00\",\"breadcrumb\":{\"@id\":\"https:\\\/\\\/betatechcenter.com\\\/es\\\/nota-legal\\\/#breadcrumb\"},\"inLanguage\":\"es\",\"potentialAction\":[{\"@type\":\"ReadAction\",\"target\":[\"https:\\\/\\\/betatechcenter.com\\\/es\\\/nota-legal\\\/\"]}]},{\"@type\":\"BreadcrumbList\",\"@id\":\"https:\\\/\\\/betatechcenter.com\\\/es\\\/nota-legal\\\/#breadcrumb\",\"itemListElement\":[{\"@type\":\"ListItem\",\"position\":1,\"name\":\"Home\",\"item\":\"https:\\\/\\\/betatechcenter.com\\\/es\\\/\"},{\"@type\":\"ListItem\",\"position\":2,\"name\":\"Nota legal\"}]},{\"@type\":\"WebSite\",\"@id\":\"https:\\\/\\\/betatechcenter.com\\\/#website\",\"url\":\"https:\\\/\\\/betatechcenter.com\\\/\",\"name\":\"Beta Tech Center\",\"description\":\"\",\"publisher\":{\"@id\":\"https:\\\/\\\/betatechcenter.com\\\/#organization\"},\"potentialAction\":[{\"@type\":\"SearchAction\",\"target\":{\"@type\":\"EntryPoint\",\"urlTemplate\":\"https:\\\/\\\/betatechcenter.com\\\/?s={search_term_string}\"},\"query-input\":{\"@type\":\"PropertyValueSpecification\",\"valueRequired\":true,\"valueName\":\"search_term_string\"}}],\"inLanguage\":\"es\"},{\"@type\":\"Organization\",\"@id\":\"https:\\\/\\\/betatechcenter.com\\\/#organization\",\"name\":\"Beta Tech Center\",\"url\":\"https:\\\/\\\/betatechcenter.com\\\/\",\"logo\":{\"@type\":\"ImageObject\",\"inLanguage\":\"es\",\"@id\":\"https:\\\/\\\/betatechcenter.com\\\/#\\\/schema\\\/logo\\\/image\\\/\",\"url\":\"https:\\\/\\\/betatechcenter.com\\\/wp-content\\\/uploads\\\/2020\\\/12\\\/logo.svg\",\"contentUrl\":\"https:\\\/\\\/betatechcenter.com\\\/wp-content\\\/uploads\\\/2020\\\/12\\\/logo.svg\",\"width\":319,\"height\":88,\"caption\":\"Beta Tech Center\"},\"image\":{\"@id\":\"https:\\\/\\\/betatechcenter.com\\\/#\\\/schema\\\/logo\\\/image\\\/\"}}]}<\/script>\n<!-- \/ Yoast SEO plugin. -->","yoast_head_json":{"title":"Beta Tech Center &#8212; Nota legal","robots":{"index":"index","follow":"follow","max-snippet":"max-snippet:-1","max-image-preview":"max-image-preview:large","max-video-preview":"max-video-preview:-1"},"canonical":"https:\/\/betatechcenter.com\/es\/nota-legal\/","og_locale":"es_ES","og_type":"article","og_title":"Beta Tech Center &#8212; Nota legal","og_description":"El sitio web y el dominio uvic.cat corresponden a la Fundaci\u00f3n Universitaria Balmes, titular de la Universidad de Vic &#8211; Universidad Central de Catalu\u00f1a (UVic-UCC), con CIF G58020124 y domicilio en Calle Perot Rocaguinarda, 17 de Vic (CP 08500) , tel\u00e9fono 938861222 y direcci\u00f3n electr\u00f3nica universitatdevic@uvic.cat. Figura inscrita en el Registro de Fundaciones de la [&hellip;]","og_url":"https:\/\/betatechcenter.com\/es\/nota-legal\/","og_site_name":"Beta Tech Center","article_modified_time":"2026-02-23T17:17:16+00:00","og_image":[{"width":2000,"height":1333,"url":"https:\/\/betatechcenter.com\/wp-content\/uploads\/2021\/04\/AS3I0112-2000x1333-1.jpeg","type":"image\/jpeg"}],"twitter_card":"summary_large_image","twitter_misc":{"Tiempo de lectura":"3 minutos"},"schema":{"@context":"https:\/\/schema.org","@graph":[{"@type":"WebPage","@id":"https:\/\/betatechcenter.com\/es\/nota-legal\/","url":"https:\/\/betatechcenter.com\/es\/nota-legal\/","name":"Beta Tech Center &#8212; Nota legal","isPartOf":{"@id":"https:\/\/betatechcenter.com\/#website"},"datePublished":"2020-12-24T10:31:23+00:00","dateModified":"2026-02-23T17:17:16+00:00","breadcrumb":{"@id":"https:\/\/betatechcenter.com\/es\/nota-legal\/#breadcrumb"},"inLanguage":"es","potentialAction":[{"@type":"ReadAction","target":["https:\/\/betatechcenter.com\/es\/nota-legal\/"]}]},{"@type":"BreadcrumbList","@id":"https:\/\/betatechcenter.com\/es\/nota-legal\/#breadcrumb","itemListElement":[{"@type":"ListItem","position":1,"name":"Home","item":"https:\/\/betatechcenter.com\/es\/"},{"@type":"ListItem","position":2,"name":"Nota legal"}]},{"@type":"WebSite","@id":"https:\/\/betatechcenter.com\/#website","url":"https:\/\/betatechcenter.com\/","name":"Beta Tech Center","description":"","publisher":{"@id":"https:\/\/betatechcenter.com\/#organization"},"potentialAction":[{"@type":"SearchAction","target":{"@type":"EntryPoint","urlTemplate":"https:\/\/betatechcenter.com\/?s={search_term_string}"},"query-input":{"@type":"PropertyValueSpecification","valueRequired":true,"valueName":"search_term_string"}}],"inLanguage":"es"},{"@type":"Organization","@id":"https:\/\/betatechcenter.com\/#organization","name":"Beta Tech Center","url":"https:\/\/betatechcenter.com\/","logo":{"@type":"ImageObject","inLanguage":"es","@id":"https:\/\/betatechcenter.com\/#\/schema\/logo\/image\/","url":"https:\/\/betatechcenter.com\/wp-content\/uploads\/2020\/12\/logo.svg","contentUrl":"https:\/\/betatechcenter.com\/wp-content\/uploads\/2020\/12\/logo.svg","width":319,"height":88,"caption":"Beta Tech Center"},"image":{"@id":"https:\/\/betatechcenter.com\/#\/schema\/logo\/image\/"}}]}},"_links":{"self":[{"href":"https:\/\/betatechcenter.com\/es\/wp-json\/wp\/v2\/pages\/1752","targetHints":{"allow":["GET"]}}],"collection":[{"href":"https:\/\/betatechcenter.com\/es\/wp-json\/wp\/v2\/pages"}],"about":[{"href":"https:\/\/betatechcenter.com\/es\/wp-json\/wp\/v2\/types\/page"}],"author":[{"embeddable":true,"href":"https:\/\/betatechcenter.com\/es\/wp-json\/wp\/v2\/users\/3"}],"replies":[{"embeddable":true,"href":"https:\/\/betatechcenter.com\/es\/wp-json\/wp\/v2\/comments?post=1752"}],"version-history":[{"count":5,"href":"https:\/\/betatechcenter.com\/es\/wp-json\/wp\/v2\/pages\/1752\/revisions"}],"predecessor-version":[{"id":11366,"href":"https:\/\/betatechcenter.com\/es\/wp-json\/wp\/v2\/pages\/1752\/revisions\/11366"}],"wp:attachment":[{"href":"https:\/\/betatechcenter.com\/es\/wp-json\/wp\/v2\/media?parent=1752"}],"curies":[{"name":"wp","href":"https:\/\/api.w.org\/{rel}","templated":true}]}}