
{"id":4505,"date":"2022-10-21T13:54:30","date_gmt":"2022-10-21T13:54:30","guid":{"rendered":"https:\/\/betatechcenter.com\/?page_id=4505"},"modified":"2026-02-16T15:37:27","modified_gmt":"2026-02-16T15:37:27","slug":"treballa-amb-nosaltres","status":"publish","type":"page","link":"https:\/\/betatechcenter.com\/ca\/treballa-amb-nosaltres\/","title":{"rendered":"Vols formar part de l&#8217;equip BETA?"},"content":{"rendered":"","protected":false},"excerpt":{"rendered":"","protected":false},"author":2,"featured_media":4588,"parent":0,"menu_order":0,"comment_status":"closed","ping_status":"closed","template":"","meta":{"_acf_changed":false,"footnotes":""},"class_list":["post-4505","page","type-page","status-publish","has-post-thumbnail","hentry"],"acf":[],"yoast_head":"<!-- This site is optimized with the Yoast SEO plugin v27.3 - https:\/\/yoast.com\/product\/yoast-seo-wordpress\/ -->\n<title>Beta Tech Center &#8212; Vols formar part de l&#039;equip BETA?<\/title>\n<meta name=\"description\" content=\"Des del Centre BETA estem sempre oberts a con\u00e8ixer i rebre nous perfils de persones din\u00e0miques, inquietes i amb ganes de formar part del nostre projecte i per ajudar-los a cr\u00e9ixer professionalment.\" \/>\n<meta name=\"robots\" content=\"index, follow, max-snippet:-1, max-image-preview:large, max-video-preview:-1\" \/>\n<link rel=\"canonical\" href=\"https:\/\/betatechcenter.com\/ca\/treballa-amb-nosaltres\/\" \/>\n<meta property=\"og:locale\" content=\"ca_ES\" \/>\n<meta property=\"og:type\" content=\"article\" \/>\n<meta property=\"og:title\" content=\"Beta Tech Center &#8212; Vols formar part de l&#039;equip BETA?\" \/>\n<meta property=\"og:description\" content=\"Des del Centre BETA estem sempre oberts a con\u00e8ixer i rebre nous perfils de persones din\u00e0miques, inquietes i amb ganes de formar part del nostre projecte i per ajudar-los a cr\u00e9ixer professionalment.\" \/>\n<meta property=\"og:url\" content=\"https:\/\/betatechcenter.com\/ca\/treballa-amb-nosaltres\/\" \/>\n<meta property=\"og:site_name\" content=\"Beta Tech Center\" \/>\n<meta property=\"article:modified_time\" content=\"2026-02-16T15:37:27+00:00\" \/>\n<meta property=\"og:image\" content=\"https:\/\/betatechcenter.com\/wp-content\/uploads\/2022\/10\/wordpress-page-1.jpg\" \/>\n\t<meta property=\"og:image:width\" content=\"2047\" \/>\n\t<meta property=\"og:image:height\" content=\"1290\" \/>\n\t<meta property=\"og:image:type\" content=\"image\/jpeg\" \/>\n<meta name=\"twitter:card\" content=\"summary_large_image\" \/>\n<meta name=\"twitter:label1\" content=\"Temps estimat de lectura\" \/>\n\t<meta name=\"twitter:data1\" content=\"1 minut\" \/>\n<script type=\"application\/ld+json\" class=\"yoast-schema-graph\">{\"@context\":\"https:\\\/\\\/schema.org\",\"@graph\":[{\"@type\":\"WebPage\",\"@id\":\"https:\\\/\\\/betatechcenter.com\\\/ca\\\/treballa-amb-nosaltres\\\/\",\"url\":\"https:\\\/\\\/betatechcenter.com\\\/ca\\\/treballa-amb-nosaltres\\\/\",\"name\":\"Beta Tech Center &#8212; Vols formar part de l'equip BETA?\",\"isPartOf\":{\"@id\":\"https:\\\/\\\/betatechcenter.com\\\/#website\"},\"primaryImageOfPage\":{\"@id\":\"https:\\\/\\\/betatechcenter.com\\\/ca\\\/treballa-amb-nosaltres\\\/#primaryimage\"},\"image\":{\"@id\":\"https:\\\/\\\/betatechcenter.com\\\/ca\\\/treballa-amb-nosaltres\\\/#primaryimage\"},\"thumbnailUrl\":\"https:\\\/\\\/betatechcenter.com\\\/wp-content\\\/uploads\\\/2022\\\/10\\\/wordpress-page-1.jpg\",\"datePublished\":\"2022-10-21T13:54:30+00:00\",\"dateModified\":\"2026-02-16T15:37:27+00:00\",\"description\":\"Des del Centre BETA estem sempre oberts a con\u00e8ixer i rebre nous perfils de persones din\u00e0miques, inquietes i amb ganes de formar part del nostre projecte i per ajudar-los a cr\u00e9ixer professionalment.\",\"breadcrumb\":{\"@id\":\"https:\\\/\\\/betatechcenter.com\\\/ca\\\/treballa-amb-nosaltres\\\/#breadcrumb\"},\"inLanguage\":\"ca\",\"potentialAction\":[{\"@type\":\"ReadAction\",\"target\":[\"https:\\\/\\\/betatechcenter.com\\\/ca\\\/treballa-amb-nosaltres\\\/\"]}]},{\"@type\":\"ImageObject\",\"inLanguage\":\"ca\",\"@id\":\"https:\\\/\\\/betatechcenter.com\\\/ca\\\/treballa-amb-nosaltres\\\/#primaryimage\",\"url\":\"https:\\\/\\\/betatechcenter.com\\\/wp-content\\\/uploads\\\/2022\\\/10\\\/wordpress-page-1.jpg\",\"contentUrl\":\"https:\\\/\\\/betatechcenter.com\\\/wp-content\\\/uploads\\\/2022\\\/10\\\/wordpress-page-1.jpg\",\"width\":2047,\"height\":1290},{\"@type\":\"BreadcrumbList\",\"@id\":\"https:\\\/\\\/betatechcenter.com\\\/ca\\\/treballa-amb-nosaltres\\\/#breadcrumb\",\"itemListElement\":[{\"@type\":\"ListItem\",\"position\":1,\"name\":\"Home\",\"item\":\"https:\\\/\\\/betatechcenter.com\\\/ca\\\/\"},{\"@type\":\"ListItem\",\"position\":2,\"name\":\"Vols formar part de l&#8217;equip BETA?\"}]},{\"@type\":\"WebSite\",\"@id\":\"https:\\\/\\\/betatechcenter.com\\\/#website\",\"url\":\"https:\\\/\\\/betatechcenter.com\\\/\",\"name\":\"Beta Tech Center\",\"description\":\"\",\"publisher\":{\"@id\":\"https:\\\/\\\/betatechcenter.com\\\/#organization\"},\"potentialAction\":[{\"@type\":\"SearchAction\",\"target\":{\"@type\":\"EntryPoint\",\"urlTemplate\":\"https:\\\/\\\/betatechcenter.com\\\/?s={search_term_string}\"},\"query-input\":{\"@type\":\"PropertyValueSpecification\",\"valueRequired\":true,\"valueName\":\"search_term_string\"}}],\"inLanguage\":\"ca\"},{\"@type\":\"Organization\",\"@id\":\"https:\\\/\\\/betatechcenter.com\\\/#organization\",\"name\":\"Beta Tech Center\",\"url\":\"https:\\\/\\\/betatechcenter.com\\\/\",\"logo\":{\"@type\":\"ImageObject\",\"inLanguage\":\"ca\",\"@id\":\"https:\\\/\\\/betatechcenter.com\\\/#\\\/schema\\\/logo\\\/image\\\/\",\"url\":\"https:\\\/\\\/betatechcenter.com\\\/wp-content\\\/uploads\\\/2020\\\/12\\\/logo.svg\",\"contentUrl\":\"https:\\\/\\\/betatechcenter.com\\\/wp-content\\\/uploads\\\/2020\\\/12\\\/logo.svg\",\"width\":319,\"height\":88,\"caption\":\"Beta Tech Center\"},\"image\":{\"@id\":\"https:\\\/\\\/betatechcenter.com\\\/#\\\/schema\\\/logo\\\/image\\\/\"}}]}<\/script>\n<!-- \/ Yoast SEO plugin. -->","yoast_head_json":{"title":"Beta Tech Center &#8212; Vols formar part de l'equip BETA?","description":"Des del Centre BETA estem sempre oberts a con\u00e8ixer i rebre nous perfils de persones din\u00e0miques, inquietes i amb ganes de formar part del nostre projecte i per ajudar-los a cr\u00e9ixer professionalment.","robots":{"index":"index","follow":"follow","max-snippet":"max-snippet:-1","max-image-preview":"max-image-preview:large","max-video-preview":"max-video-preview:-1"},"canonical":"https:\/\/betatechcenter.com\/ca\/treballa-amb-nosaltres\/","og_locale":"ca_ES","og_type":"article","og_title":"Beta Tech Center &#8212; Vols formar part de l'equip BETA?","og_description":"Des del Centre BETA estem sempre oberts a con\u00e8ixer i rebre nous perfils de persones din\u00e0miques, inquietes i amb ganes de formar part del nostre projecte i per ajudar-los a cr\u00e9ixer professionalment.","og_url":"https:\/\/betatechcenter.com\/ca\/treballa-amb-nosaltres\/","og_site_name":"Beta Tech Center","article_modified_time":"2026-02-16T15:37:27+00:00","og_image":[{"width":2047,"height":1290,"url":"https:\/\/betatechcenter.com\/wp-content\/uploads\/2022\/10\/wordpress-page-1.jpg","type":"image\/jpeg"}],"twitter_card":"summary_large_image","twitter_misc":{"Temps estimat de lectura":"1 minut"},"schema":{"@context":"https:\/\/schema.org","@graph":[{"@type":"WebPage","@id":"https:\/\/betatechcenter.com\/ca\/treballa-amb-nosaltres\/","url":"https:\/\/betatechcenter.com\/ca\/treballa-amb-nosaltres\/","name":"Beta Tech Center &#8212; Vols formar part de l'equip BETA?","isPartOf":{"@id":"https:\/\/betatechcenter.com\/#website"},"primaryImageOfPage":{"@id":"https:\/\/betatechcenter.com\/ca\/treballa-amb-nosaltres\/#primaryimage"},"image":{"@id":"https:\/\/betatechcenter.com\/ca\/treballa-amb-nosaltres\/#primaryimage"},"thumbnailUrl":"https:\/\/betatechcenter.com\/wp-content\/uploads\/2022\/10\/wordpress-page-1.jpg","datePublished":"2022-10-21T13:54:30+00:00","dateModified":"2026-02-16T15:37:27+00:00","description":"Des del Centre BETA estem sempre oberts a con\u00e8ixer i rebre nous perfils de persones din\u00e0miques, inquietes i amb ganes de formar part del nostre projecte i per ajudar-los a cr\u00e9ixer professionalment.","breadcrumb":{"@id":"https:\/\/betatechcenter.com\/ca\/treballa-amb-nosaltres\/#breadcrumb"},"inLanguage":"ca","potentialAction":[{"@type":"ReadAction","target":["https:\/\/betatechcenter.com\/ca\/treballa-amb-nosaltres\/"]}]},{"@type":"ImageObject","inLanguage":"ca","@id":"https:\/\/betatechcenter.com\/ca\/treballa-amb-nosaltres\/#primaryimage","url":"https:\/\/betatechcenter.com\/wp-content\/uploads\/2022\/10\/wordpress-page-1.jpg","contentUrl":"https:\/\/betatechcenter.com\/wp-content\/uploads\/2022\/10\/wordpress-page-1.jpg","width":2047,"height":1290},{"@type":"BreadcrumbList","@id":"https:\/\/betatechcenter.com\/ca\/treballa-amb-nosaltres\/#breadcrumb","itemListElement":[{"@type":"ListItem","position":1,"name":"Home","item":"https:\/\/betatechcenter.com\/ca\/"},{"@type":"ListItem","position":2,"name":"Vols formar part de l&#8217;equip BETA?"}]},{"@type":"WebSite","@id":"https:\/\/betatechcenter.com\/#website","url":"https:\/\/betatechcenter.com\/","name":"Beta Tech Center","description":"","publisher":{"@id":"https:\/\/betatechcenter.com\/#organization"},"potentialAction":[{"@type":"SearchAction","target":{"@type":"EntryPoint","urlTemplate":"https:\/\/betatechcenter.com\/?s={search_term_string}"},"query-input":{"@type":"PropertyValueSpecification","valueRequired":true,"valueName":"search_term_string"}}],"inLanguage":"ca"},{"@type":"Organization","@id":"https:\/\/betatechcenter.com\/#organization","name":"Beta Tech Center","url":"https:\/\/betatechcenter.com\/","logo":{"@type":"ImageObject","inLanguage":"ca","@id":"https:\/\/betatechcenter.com\/#\/schema\/logo\/image\/","url":"https:\/\/betatechcenter.com\/wp-content\/uploads\/2020\/12\/logo.svg","contentUrl":"https:\/\/betatechcenter.com\/wp-content\/uploads\/2020\/12\/logo.svg","width":319,"height":88,"caption":"Beta Tech Center"},"image":{"@id":"https:\/\/betatechcenter.com\/#\/schema\/logo\/image\/"}}]}},"_links":{"self":[{"href":"https:\/\/betatechcenter.com\/ca\/wp-json\/wp\/v2\/pages\/4505","targetHints":{"allow":["GET"]}}],"collection":[{"href":"https:\/\/betatechcenter.com\/ca\/wp-json\/wp\/v2\/pages"}],"about":[{"href":"https:\/\/betatechcenter.com\/ca\/wp-json\/wp\/v2\/types\/page"}],"author":[{"embeddable":true,"href":"https:\/\/betatechcenter.com\/ca\/wp-json\/wp\/v2\/users\/2"}],"replies":[{"embeddable":true,"href":"https:\/\/betatechcenter.com\/ca\/wp-json\/wp\/v2\/comments?post=4505"}],"version-history":[{"count":117,"href":"https:\/\/betatechcenter.com\/ca\/wp-json\/wp\/v2\/pages\/4505\/revisions"}],"predecessor-version":[{"id":11154,"href":"https:\/\/betatechcenter.com\/ca\/wp-json\/wp\/v2\/pages\/4505\/revisions\/11154"}],"wp:featuredmedia":[{"embeddable":true,"href":"https:\/\/betatechcenter.com\/ca\/wp-json\/wp\/v2\/media\/4588"}],"wp:attachment":[{"href":"https:\/\/betatechcenter.com\/ca\/wp-json\/wp\/v2\/media?parent=4505"}],"curies":[{"name":"wp","href":"https:\/\/api.w.org\/{rel}","templated":true}]}}