
{"id":1751,"date":"2020-12-24T10:31:23","date_gmt":"2020-12-24T10:31:23","guid":{"rendered":"https:\/\/betatechcenter.com\/privacy-policy\/"},"modified":"2026-02-23T17:14:45","modified_gmt":"2026-02-23T17:14:45","slug":"nota-legal","status":"publish","type":"page","link":"https:\/\/betatechcenter.com\/ca\/nota-legal\/","title":{"rendered":"Nota Legal"},"content":{"rendered":"\n<p>El lloc web i el domini uvic.cat corresponen a la Fundaci\u00f3 Universit\u00e0ria Balmes, titular de la Universitat de Vic \u2013 Universitat Central de Catalunya (UVic-UCC), amb CIF G58020124 i domicili al Carrer Perot Rocaguinarda, 17 de Vic (CP 08500), tel\u00e8fon 938 861 222 i adre\u00e7a electr\u00f2nica <a href=\"mailto:universitatdevic@uvic.cat\">universitatdevic@uvic.cat<\/a>. Figura inscrita al Registre de Fundacions de la Generalitat de Catalunya amb el n\u00famero 150.<\/p>\n\n\n\n<p>La informaci\u00f3 facilitada per mitj\u00e0 d&#8217;aquest lloc web no substitueix la que figura a la seu electr\u00f2nica de la Fundaci\u00f3 o en els canals i plataformes de la seu electr\u00f2nica adoptats per la Fundaci\u00f3, \u00fanica que t\u00e9 plena validesa legal.<\/p>\n\n\n\n<p>La Fundaci\u00f3 no es fa responsable del contingut, exactitud i actualitzaci\u00f3 de la informaci\u00f3 que prov\u00e9 d\u2019altres persones que figuri al lloc web o a la que es faci remissi\u00f3 per mitj\u00e0 d&#8217;enlla\u00e7os o altres sistemes.<\/p>\n\n\n\n<p>El lloc web i els seus continguts, inclosos els textos, imatges, gr\u00e0fics, bases de dades i qualsevol altre material, es posen a disposici\u00f3 p\u00fablica amb finalitats d\u2019informaci\u00f3 i per oferir serveis en el marc de les compet\u00e8ncies i funcions pr\u00f2pies de la Fundaci\u00f3. Existeixen drets de propietat intel\u00b7lectual sobre alguns d\u2019aquests continguts que corresponen o b\u00e9 a la Fundaci\u00f3 o a terceres persones que n\u2019han autoritzat la utilitzaci\u00f3 per aquest mitj\u00e0.<\/p>\n\n\n\n<p>De forma general, i llevat que s\u2019indiqui el contrari de forma expressa per a casos singulars, es pot portar a terme la reproducci\u00f3, distribuci\u00f3 i comunicaci\u00f3 p\u00fablica dels continguts d\u2019aquest lloc web sempre que quedi const\u00e0ncia de la proced\u00e8ncia. No obstant aix\u00f2, no es podran utilitzar els continguts per a usos comercials, ni fer-ne obres derivades, sense autoritzaci\u00f3 expressa de la Fundaci\u00f3.<\/p>\n\n\n\n<p>Aquestes condicions regeixen per als continguts del lloc web protegits per drets d\u2019autor i es resumeixen amb la llic\u00e8ncia Reconeixement &#8211; No Comercial \u2013 Compartir Igual 4.0 (<a href=\"https:\/\/creativecommons.org\/licenses\/by-nc-sa\/4.0\/deed.ca\">CC BY-NC-SA 4.0<\/a>) de <a href=\"https:\/\/creativecommons.org\/\">Creative Commons<\/a>.<\/p>\n\n\n\n<p>L\u2019escut oficial de la Fundaci\u00f3 i els altres dissenys i logotips que la identifiquen nom\u00e9s poden ser reprodu\u00efts i utilitzats amb autoritzaci\u00f3 pr\u00e8via de la Fundaci\u00f3, o b\u00e9 quan es tracti d\u2019identificar activitats o iniciatives que compten amb el suport expl\u00edcit de la Fundaci\u00f3. La Fundaci\u00f3 n\u2019autoritza tamb\u00e9 usos no lucratius amb finalitats educatives, de recerca, estudi o difusi\u00f3 cultural.<\/p>\n\n\n\n<p>La Fundaci\u00f3 informa que aquest lloc web utilitza galetes (cookies) que permeten fer m\u00e9s c\u00f2moda i r\u00e0pida la comunicaci\u00f3 que s\u2019estableix entre l&#8217;usuari i el lloc web. La vig\u00e8ncia d\u2019aquestes galetes es limita a la necess\u00e0ria per aconseguir aquests objectius. L\u2019usuari t\u00e9 la possibilitat de configurar el seu navegador d&#8217;Internet per a obtenir un millor coneixement i control de les galetes. Vost\u00e8 ha estat informat pr\u00e8viament de la seva instal\u00b7laci\u00f3. Trobar\u00e0 m\u00e9s informaci\u00f3 sobre la Pol\u00edtica de Cookies en <a href=\"https:\/\/www.uvic.cat\/avis-legal-i-proteccio-de-dades\">aquest enlla\u00e7<\/a>.<\/p>\n\n\n\n<p>La Fundaci\u00f3 no es fa responsable davant dels usuaris del seu lloc web dels possibles danys o perjudicis que es puguin derivar d\u2019interfer\u00e8ncies, omissions, interrupcions, virus inform\u00e0tics, sobrec\u00e0rrega de les l\u00ednies, avaries o desconnexions quan estiguin motivades per causes que li s\u00f3n alienes. Tampoc no se\u2019n fa dels danys que puguin ser causats per terceres persones mitjan\u00e7ant intromissions il\u00b7leg\u00edtimes fora del control de la Fundaci\u00f3. Sempre que sigui possible advertir\u00e0 pr\u00e8viament de les interrupcions en el funcionament del web i dels serveis.<\/p>\n\n\n\n<p class=\"has-medium-font-size\"><strong>Pla d&#8217;igualtat del Centre Tecnol\u00f2gic BETA<\/strong><\/p>\n\n\n\n<p>El Centre Tecnol\u00f2gic BETA de la UVic-UCC est\u00e0 adherit al IV Pla d\u2019Igualtat de la Fundaci\u00f3 Universit\u00e0ria Balmes (2026\u20132029), aprovat el desembre de 2025, que constitueix el marc institucional per garantir la igualtat efectiva entre dones i homes, la no-discriminaci\u00f3 i el respecte a la diversitat en tots els \u00e0mbits d\u2019activitat. Aquest Pla estableix objectius i mesures concretes en \u00e0mbits com la cultura institucional, l\u2019activitat acad\u00e8mica i de recerca, la prevenci\u00f3 de viol\u00e8ncies, la promoci\u00f3 professional, la conciliaci\u00f3 i el seguiment i avaluaci\u00f3 de les pol\u00edtiques d\u2019igualtat. Podeu consultar el <a href=\"https:\/\/betatechcenter.com\/wp-content\/uploads\/2026\/02\/docins_a2025_pla_igualtat.pdf\"><strong>document complet del Pla d\u2019Igualtat<\/strong><\/a>. <\/p>\n\n\n\n<p><\/p>\n","protected":false},"excerpt":{"rendered":"<p>El lloc web i el domini uvic.cat corresponen a la Fundaci\u00f3 Universit\u00e0ria Balmes, titular de la Universitat de Vic \u2013 Universitat Central de Catalunya (UVic-UCC), amb CIF G58020124 i domicili al Carrer Perot Rocaguinarda, 17 de Vic (CP 08500), tel\u00e8fon 938 861 222 i adre\u00e7a electr\u00f2nica universitatdevic@uvic.cat. Figura inscrita al Registre de Fundacions de la [&hellip;]<\/p>\n","protected":false},"author":3,"featured_media":0,"parent":0,"menu_order":0,"comment_status":"closed","ping_status":"closed","template":"","meta":{"_acf_changed":false,"footnotes":""},"class_list":["post-1751","page","type-page","status-publish","hentry"],"acf":[],"yoast_head":"<!-- This site is optimized with the Yoast SEO plugin v27.4 - https:\/\/yoast.com\/product\/yoast-seo-wordpress\/ -->\n<title>Beta Tech Center &#8212; Nota Legal<\/title>\n<meta name=\"robots\" content=\"index, follow, max-snippet:-1, max-image-preview:large, max-video-preview:-1\" \/>\n<link rel=\"canonical\" href=\"https:\/\/betatechcenter.com\/ca\/nota-legal\/\" \/>\n<meta property=\"og:locale\" content=\"ca_ES\" \/>\n<meta property=\"og:type\" content=\"article\" \/>\n<meta property=\"og:title\" content=\"Beta Tech Center &#8212; Nota Legal\" \/>\n<meta property=\"og:description\" content=\"El lloc web i el domini uvic.cat corresponen a la Fundaci\u00f3 Universit\u00e0ria Balmes, titular de la Universitat de Vic \u2013 Universitat Central de Catalunya (UVic-UCC), amb CIF G58020124 i domicili al Carrer Perot Rocaguinarda, 17 de Vic (CP 08500), tel\u00e8fon 938 861 222 i adre\u00e7a electr\u00f2nica universitatdevic@uvic.cat. Figura inscrita al Registre de Fundacions de la [&hellip;]\" \/>\n<meta property=\"og:url\" content=\"https:\/\/betatechcenter.com\/ca\/nota-legal\/\" \/>\n<meta property=\"og:site_name\" content=\"Beta Tech Center\" \/>\n<meta property=\"article:modified_time\" content=\"2026-02-23T17:14:45+00:00\" \/>\n<meta property=\"og:image\" content=\"https:\/\/betatechcenter.com\/wp-content\/uploads\/2021\/04\/AS3I0112-2000x1333-1.jpeg\" \/>\n\t<meta property=\"og:image:width\" content=\"2000\" \/>\n\t<meta property=\"og:image:height\" content=\"1333\" \/>\n\t<meta property=\"og:image:type\" content=\"image\/jpeg\" \/>\n<meta name=\"twitter:card\" content=\"summary_large_image\" \/>\n<meta name=\"twitter:label1\" content=\"Temps estimat de lectura\" \/>\n\t<meta name=\"twitter:data1\" content=\"3 minuts\" \/>\n<script type=\"application\/ld+json\" class=\"yoast-schema-graph\">{\"@context\":\"https:\\\/\\\/schema.org\",\"@graph\":[{\"@type\":\"WebPage\",\"@id\":\"https:\\\/\\\/betatechcenter.com\\\/ca\\\/nota-legal\\\/\",\"url\":\"https:\\\/\\\/betatechcenter.com\\\/ca\\\/nota-legal\\\/\",\"name\":\"Beta Tech Center &#8212; Nota Legal\",\"isPartOf\":{\"@id\":\"https:\\\/\\\/betatechcenter.com\\\/#website\"},\"datePublished\":\"2020-12-24T10:31:23+00:00\",\"dateModified\":\"2026-02-23T17:14:45+00:00\",\"breadcrumb\":{\"@id\":\"https:\\\/\\\/betatechcenter.com\\\/ca\\\/nota-legal\\\/#breadcrumb\"},\"inLanguage\":\"ca\",\"potentialAction\":[{\"@type\":\"ReadAction\",\"target\":[\"https:\\\/\\\/betatechcenter.com\\\/ca\\\/nota-legal\\\/\"]}]},{\"@type\":\"BreadcrumbList\",\"@id\":\"https:\\\/\\\/betatechcenter.com\\\/ca\\\/nota-legal\\\/#breadcrumb\",\"itemListElement\":[{\"@type\":\"ListItem\",\"position\":1,\"name\":\"Home\",\"item\":\"https:\\\/\\\/betatechcenter.com\\\/ca\\\/\"},{\"@type\":\"ListItem\",\"position\":2,\"name\":\"Nota Legal\"}]},{\"@type\":\"WebSite\",\"@id\":\"https:\\\/\\\/betatechcenter.com\\\/#website\",\"url\":\"https:\\\/\\\/betatechcenter.com\\\/\",\"name\":\"Beta Tech Center\",\"description\":\"\",\"publisher\":{\"@id\":\"https:\\\/\\\/betatechcenter.com\\\/#organization\"},\"potentialAction\":[{\"@type\":\"SearchAction\",\"target\":{\"@type\":\"EntryPoint\",\"urlTemplate\":\"https:\\\/\\\/betatechcenter.com\\\/?s={search_term_string}\"},\"query-input\":{\"@type\":\"PropertyValueSpecification\",\"valueRequired\":true,\"valueName\":\"search_term_string\"}}],\"inLanguage\":\"ca\"},{\"@type\":\"Organization\",\"@id\":\"https:\\\/\\\/betatechcenter.com\\\/#organization\",\"name\":\"Beta Tech Center\",\"url\":\"https:\\\/\\\/betatechcenter.com\\\/\",\"logo\":{\"@type\":\"ImageObject\",\"inLanguage\":\"ca\",\"@id\":\"https:\\\/\\\/betatechcenter.com\\\/#\\\/schema\\\/logo\\\/image\\\/\",\"url\":\"https:\\\/\\\/betatechcenter.com\\\/wp-content\\\/uploads\\\/2020\\\/12\\\/logo.svg\",\"contentUrl\":\"https:\\\/\\\/betatechcenter.com\\\/wp-content\\\/uploads\\\/2020\\\/12\\\/logo.svg\",\"width\":319,\"height\":88,\"caption\":\"Beta Tech Center\"},\"image\":{\"@id\":\"https:\\\/\\\/betatechcenter.com\\\/#\\\/schema\\\/logo\\\/image\\\/\"}}]}<\/script>\n<!-- \/ Yoast SEO plugin. -->","yoast_head_json":{"title":"Beta Tech Center &#8212; Nota Legal","robots":{"index":"index","follow":"follow","max-snippet":"max-snippet:-1","max-image-preview":"max-image-preview:large","max-video-preview":"max-video-preview:-1"},"canonical":"https:\/\/betatechcenter.com\/ca\/nota-legal\/","og_locale":"ca_ES","og_type":"article","og_title":"Beta Tech Center &#8212; Nota Legal","og_description":"El lloc web i el domini uvic.cat corresponen a la Fundaci\u00f3 Universit\u00e0ria Balmes, titular de la Universitat de Vic \u2013 Universitat Central de Catalunya (UVic-UCC), amb CIF G58020124 i domicili al Carrer Perot Rocaguinarda, 17 de Vic (CP 08500), tel\u00e8fon 938 861 222 i adre\u00e7a electr\u00f2nica universitatdevic@uvic.cat. Figura inscrita al Registre de Fundacions de la [&hellip;]","og_url":"https:\/\/betatechcenter.com\/ca\/nota-legal\/","og_site_name":"Beta Tech Center","article_modified_time":"2026-02-23T17:14:45+00:00","og_image":[{"width":2000,"height":1333,"url":"https:\/\/betatechcenter.com\/wp-content\/uploads\/2021\/04\/AS3I0112-2000x1333-1.jpeg","type":"image\/jpeg"}],"twitter_card":"summary_large_image","twitter_misc":{"Temps estimat de lectura":"3 minuts"},"schema":{"@context":"https:\/\/schema.org","@graph":[{"@type":"WebPage","@id":"https:\/\/betatechcenter.com\/ca\/nota-legal\/","url":"https:\/\/betatechcenter.com\/ca\/nota-legal\/","name":"Beta Tech Center &#8212; Nota Legal","isPartOf":{"@id":"https:\/\/betatechcenter.com\/#website"},"datePublished":"2020-12-24T10:31:23+00:00","dateModified":"2026-02-23T17:14:45+00:00","breadcrumb":{"@id":"https:\/\/betatechcenter.com\/ca\/nota-legal\/#breadcrumb"},"inLanguage":"ca","potentialAction":[{"@type":"ReadAction","target":["https:\/\/betatechcenter.com\/ca\/nota-legal\/"]}]},{"@type":"BreadcrumbList","@id":"https:\/\/betatechcenter.com\/ca\/nota-legal\/#breadcrumb","itemListElement":[{"@type":"ListItem","position":1,"name":"Home","item":"https:\/\/betatechcenter.com\/ca\/"},{"@type":"ListItem","position":2,"name":"Nota Legal"}]},{"@type":"WebSite","@id":"https:\/\/betatechcenter.com\/#website","url":"https:\/\/betatechcenter.com\/","name":"Beta Tech Center","description":"","publisher":{"@id":"https:\/\/betatechcenter.com\/#organization"},"potentialAction":[{"@type":"SearchAction","target":{"@type":"EntryPoint","urlTemplate":"https:\/\/betatechcenter.com\/?s={search_term_string}"},"query-input":{"@type":"PropertyValueSpecification","valueRequired":true,"valueName":"search_term_string"}}],"inLanguage":"ca"},{"@type":"Organization","@id":"https:\/\/betatechcenter.com\/#organization","name":"Beta Tech Center","url":"https:\/\/betatechcenter.com\/","logo":{"@type":"ImageObject","inLanguage":"ca","@id":"https:\/\/betatechcenter.com\/#\/schema\/logo\/image\/","url":"https:\/\/betatechcenter.com\/wp-content\/uploads\/2020\/12\/logo.svg","contentUrl":"https:\/\/betatechcenter.com\/wp-content\/uploads\/2020\/12\/logo.svg","width":319,"height":88,"caption":"Beta Tech Center"},"image":{"@id":"https:\/\/betatechcenter.com\/#\/schema\/logo\/image\/"}}]}},"_links":{"self":[{"href":"https:\/\/betatechcenter.com\/ca\/wp-json\/wp\/v2\/pages\/1751","targetHints":{"allow":["GET"]}}],"collection":[{"href":"https:\/\/betatechcenter.com\/ca\/wp-json\/wp\/v2\/pages"}],"about":[{"href":"https:\/\/betatechcenter.com\/ca\/wp-json\/wp\/v2\/types\/page"}],"author":[{"embeddable":true,"href":"https:\/\/betatechcenter.com\/ca\/wp-json\/wp\/v2\/users\/3"}],"replies":[{"embeddable":true,"href":"https:\/\/betatechcenter.com\/ca\/wp-json\/wp\/v2\/comments?post=1751"}],"version-history":[{"count":3,"href":"https:\/\/betatechcenter.com\/ca\/wp-json\/wp\/v2\/pages\/1751\/revisions"}],"predecessor-version":[{"id":11364,"href":"https:\/\/betatechcenter.com\/ca\/wp-json\/wp\/v2\/pages\/1751\/revisions\/11364"}],"wp:attachment":[{"href":"https:\/\/betatechcenter.com\/ca\/wp-json\/wp\/v2\/media?parent=1751"}],"curies":[{"name":"wp","href":"https:\/\/api.w.org\/{rel}","templated":true}]}}